{"id":2926,"date":"2024-05-13T17:34:27","date_gmt":"2024-05-13T15:34:27","guid":{"rendered":"https:\/\/policliniclloret.com\/cookies-policy\/"},"modified":"2024-05-13T17:49:37","modified_gmt":"2024-05-13T15:49:37","slug":"cookies-policy","status":"publish","type":"page","link":"https:\/\/policliniclloret.com\/en\/cookies-policy\/","title":{"rendered":"Cookies policy"},"content":{"rendered":"<p>[et_pb_section fb_built=&#8221;1&#8243; _builder_version=&#8221;4.22.2&#8243; _module_preset=&#8221;default&#8221; da_disable_devices=&#8221;off|off|off&#8221; global_colors_info=&#8221;{}&#8221; da_is_popup=&#8221;off&#8221; da_exit_intent=&#8221;off&#8221; da_has_close=&#8221;on&#8221; da_alt_close=&#8221;off&#8221; da_dark_close=&#8221;off&#8221; da_not_modal=&#8221;on&#8221; da_is_singular=&#8221;off&#8221; da_with_loader=&#8221;off&#8221; da_has_shadow=&#8221;on&#8221;][et_pb_row _builder_version=&#8221;4.22.2&#8243; _module_preset=&#8221;default&#8221; global_colors_info=&#8221;{}&#8221;][et_pb_column type=&#8221;4_4&#8243; _builder_version=&#8221;4.22.2&#8243; _module_preset=&#8221;default&#8221; global_colors_info=&#8221;{}&#8221;][et_pb_text _builder_version=&#8221;4.24.3&#8243; _module_preset=&#8221;default&#8221; custom_margin=&#8221;||15px||false|false&#8221; global_colors_info=&#8221;{}&#8221; link_text_color=&#8221;#0C71C3&#8243;]<\/p>\n<h1>Cookies policy<\/h1>\n<p>[\/et_pb_text][et_pb_text _builder_version=&#8221;4.24.3&#8243; _module_preset=&#8221;default&#8221; link_text_color=&#8221;#0C71C3&#8243; custom_margin=&#8221;||15px||false|false&#8221; global_colors_info=&#8221;{}&#8221;]<\/p>\n<p>On this website we collect and use information as indicated in our <a href=\"\/en\/privacy-policy\">Privacy Policy<\/a>. One of the ways we collect information is through the use of technology called \u201ccookies.\u201d At policliniclloret.com, we use cookies for several things.<\/p>\n<p>[\/et_pb_text][et_pb_text _builder_version=&#8221;4.24.0&#8243; _module_preset=&#8221;default&#8221; custom_margin=&#8221;||15px||false|false&#8221; global_colors_info=&#8221;{}&#8221; link_text_color=&#8221;#0C71C3&#8243;]<\/p>\n<h3>What is a Cookie?<\/h3>\n<p>[\/et_pb_text][et_pb_text _builder_version=&#8221;4.24.0&#8243; _module_preset=&#8221;default&#8221; custom_margin=&#8221;||15px||false|false&#8221; global_colors_info=&#8221;{}&#8221; link_text_color=&#8221;#0C71C3&#8243;]<\/p>\n<p>A cookie is a small amount of text that is stored in your browser (for example Google Chrome or Apple Safari) when you browse most websites.<\/p>\n<p>[\/et_pb_text][et_pb_text _builder_version=&#8221;4.24.0&#8243; _module_preset=&#8221;default&#8221; custom_margin=&#8221;||15px||false|false&#8221; global_colors_info=&#8221;{}&#8221; link_text_color=&#8221;#0C71C3&#8243;]<\/p>\n<h3>Acceptance of Cookies<\/h3>\n<p>[\/et_pb_text][et_pb_text _builder_version=&#8221;4.24.0&#8243; _module_preset=&#8221;default&#8221; custom_margin=&#8221;||15px||false|false&#8221; global_colors_info=&#8221;{}&#8221; link_text_color=&#8221;#0C71C3&#8243;]<\/p>\n<p>When accessing this website or application for the first time, a warning will appear informing you of the use of cookies and where you can consult this cookie policy.<\/p>\n<p>No cookie will be downloaded until the user expressly consents to the installation of cookies. If the user consents to the use of cookies, the installation will be carried out on their computer or device.<\/p>\n<p>In addition to using our own cookies, we allow third parties to set cookies and access your device.<\/p>\n<p>[\/et_pb_text][et_pb_text _builder_version=&#8221;4.24.0&#8243; _module_preset=&#8221;default&#8221; custom_margin=&#8221;||15px||false|false&#8221; global_colors_info=&#8221;{}&#8221; link_text_color=&#8221;#0C71C3&#8243;]<\/p>\n<h3>What information does a Cookie store?<\/h3>\n<p>[\/et_pb_text][et_pb_text _builder_version=&#8221;4.24.0&#8243; _module_preset=&#8221;default&#8221; custom_margin=&#8221;||15px||false|false&#8221; global_colors_info=&#8221;{}&#8221; link_text_color=&#8221;#0C71C3&#8243;]<\/p>\n<p>Cookies do not usually store sensitive information about you, such as credit card or bank details, photographs or personal information, etc. The data they store is of a technical nature, statistics, personal preferences, content customization, etc.<\/p>\n<p>[\/et_pb_text][et_pb_text _builder_version=&#8221;4.24.0&#8243; _module_preset=&#8221;default&#8221; custom_margin=&#8221;||15px||false|false&#8221; global_colors_info=&#8221;{}&#8221; link_text_color=&#8221;#0C71C3&#8243;]<\/p>\n<h3>What types of Cookies are there?<\/h3>\n<p>[\/et_pb_text][et_pb_text _builder_version=&#8221;4.24.0&#8243; _module_preset=&#8221;default&#8221; custom_margin=&#8221;||15px||false|false&#8221; global_colors_info=&#8221;{}&#8221; link_text_color=&#8221;#0C71C3&#8243;]<\/p>\n<ul>\n<li><strong>Technical cookies<\/strong>: They are the most basic and allow, among other things, to know when a human or an automated application is browsing, when an anonymous user and a registered user are browsing, basic tasks for the operation of any dynamic website.<\/li>\n<li><strong>Analysis cookies<\/strong>: they collect information about the type of browsing you are doing, the sections you use most, products consulted, time zone of use, language, etc.<\/li>\n<li><strong>Advertising cookies<\/strong>: They show advertising based on navigation, country of origin, language, etc.<\/li>\n<\/ul>\n<p>[\/et_pb_text][et_pb_text _builder_version=&#8221;4.24.0&#8243; _module_preset=&#8221;default&#8221; custom_margin=&#8221;||15px||false|false&#8221; global_colors_info=&#8221;{}&#8221; link_text_color=&#8221;#0C71C3&#8243;]<\/p>\n<h3>Cookies accepted by regulations and Cookies excepted<\/h3>\n<p>[\/et_pb_text][et_pb_text _builder_version=&#8221;4.24.0&#8243; _module_preset=&#8221;default&#8221; custom_margin=&#8221;||15px||false|false&#8221; global_colors_info=&#8221;{}&#8221; link_text_color=&#8221;#0C71C3&#8243;]<\/p>\n<p>According to the EU directive, the cookies that require informed consent from the user are analytical cookies, and advertising and affiliation cookies, with the exception of those of a technical nature and those necessary for the operation of the website or the provision of services. services expressly requested by the user.<\/p>\n<p>[\/et_pb_text][et_pb_text _builder_version=&#8221;4.24.0&#8243; _module_preset=&#8221;default&#8221; custom_margin=&#8221;||15px||false|false&#8221; global_colors_info=&#8221;{}&#8221; link_text_color=&#8221;#0C71C3&#8243;]<\/p>\n<h3>What cookies does this website use?<\/h3>\n<p>[\/et_pb_text][et_pb_text _builder_version=&#8221;4.24.0&#8243; _module_preset=&#8221;default&#8221; custom_margin=&#8221;||15px||false|false&#8221; global_colors_info=&#8221;{}&#8221; link_text_color=&#8221;#0C71C3&#8243;]<\/p>\n<p>This website uses its own and third-party cookies. The cookies detailed below are used on this website:<\/p>\n<p>[\/et_pb_text][et_pb_text _builder_version=&#8221;4.24.0&#8243; _module_preset=&#8221;default&#8221; custom_margin=&#8221;||15px||false|false&#8221; global_colors_info=&#8221;{}&#8221; link_text_color=&#8221;#0C71C3&#8243;]<\/p>\n<h4>OWN COOKIES<\/h4>\n<p>[\/et_pb_text][et_pb_text _builder_version=&#8221;4.24.3&#8243; _module_preset=&#8221;default&#8221; custom_margin=&#8221;||15px||false|false&#8221; global_colors_info=&#8221;{}&#8221; link_text_color=&#8221;#0C71C3&#8243;]<\/p>\n<p><strong>Login<\/strong>: Login cookies allow you to enter and exit your policliniclloret.com account.<\/p>\n<p><strong>Personalization<\/strong>: Cookies help us remember which people or websites you have interacted with, so we can display related content.<\/p>\n<p><strong>Preferences<\/strong>: Cookies allow us to remember your settings and preferences, such as your preferred language and privacy settings.<\/p>\n<p><strong>Security<\/strong>: We use cookies to avoid security risks. Mainly to detect when someone is trying to hack your policliniclloret.com account.<\/p>\n<p>[\/et_pb_text][et_pb_text _builder_version=&#8221;4.24.0&#8243; _module_preset=&#8221;default&#8221; custom_margin=&#8221;||15px||false|false&#8221; global_colors_info=&#8221;{}&#8221; link_text_color=&#8221;#0C71C3&#8243;]<\/p>\n<h4>THIRD PARTY COOKIES<\/h4>\n<p>[\/et_pb_text][et_pb_text _builder_version=&#8221;4.24.0&#8243; _module_preset=&#8221;default&#8221; custom_margin=&#8221;||15px||false|false&#8221; global_colors_info=&#8221;{}&#8221; link_text_color=&#8221;#0C71C3&#8243;]<\/p>\n<h5>Analytical cookies<\/h5>\n<p>[\/et_pb_text][et_pb_text _builder_version=&#8221;4.24.3&#8243; _module_preset=&#8221;default&#8221; link_text_color=&#8221;#0C71C3&#8243; custom_margin=&#8221;||15px||false|false&#8221; global_colors_info=&#8221;{}&#8221;]<\/p>\n<p>This website uses analysis services, specifically, Google Analytics to help the website analyze the use made by users of the website and improve its usability, but in no case are they associated with data that can identify the user. Google Analytics is a web analytics service provided by Google Inc. The user can consult <a href=\"https:\/\/policies.google.com\/technologies\/cookies?hl=ca&amp;gl=ca#types-of-cookies\" target=\"_blank\" rel=\"noopener\">here<\/a> the type of cookies used by Google.<\/p>\n<p>[\/et_pb_text][et_pb_text _builder_version=&#8221;4.24.0&#8243; _module_preset=&#8221;default&#8221; custom_margin=&#8221;||15px||false|false&#8221; global_colors_info=&#8221;{}&#8221; link_text_color=&#8221;#0C71C3&#8243;]<\/p>\n<h5>Social media cookies<\/h5>\n<p>[\/et_pb_text][et_pb_text _builder_version=&#8221;4.24.3&#8243; _module_preset=&#8221;default&#8221; link_text_color=&#8221;#0C71C3&#8243; custom_margin=&#8221;||15px||false|false&#8221; global_colors_info=&#8221;{}&#8221;]<\/p>\n<p>Social network cookies may be stored in your browser while you browse policliniclloret.com, for example, when you use the button to share policliniclloret.com content on a social network.<\/p>\n<p>Below you have information about the cookies of the social networks that this website uses in their own cookie policies:<\/p>\n<p>\u2022 Facebook cookies, see more information in its <a href=\"https:\/\/www.facebook.com\/privacy\/policies\/cookies\/?entry_point=cookie_policy_redirect&amp;entry=0\" target=\"_blank\" rel=\"noopener\">cookie policy<\/a>.<br \/>\u2022 Twitter cookies, see more information in its <a href=\"https:\/\/twitter.com\/es\/privacy\" target=\"_blank\" rel=\"noopener\">cookie policy<\/a>.<br \/>\u2022 Instagram cookies, see more information in its <a href=\"https:\/\/www.facebook.com\/privacy\/policies\/cookies\/?entry_point=cookie_policy_redirect&amp;entry=0\" target=\"_blank\" rel=\"noopener\">cookie policy<\/a>.<\/p>\n<p>[\/et_pb_text][et_pb_text _builder_version=&#8221;4.24.0&#8243; _module_preset=&#8221;default&#8221; custom_margin=&#8221;||15px||false|false&#8221; global_colors_info=&#8221;{}&#8221; link_text_color=&#8221;#0C71C3&#8243;]<\/p>\n<h5>Advertising cookies<\/h5>\n<p>[\/et_pb_text][et_pb_text _builder_version=&#8221;4.24.0&#8243; _module_preset=&#8221;default&#8221; custom_margin=&#8221;||15px||false|false&#8221; global_colors_info=&#8221;{}&#8221; link_text_color=&#8221;#0C71C3&#8243;]<\/p>\n<p>They are those that, processed by us or by third parties, allow us to analyze your browsing habits on the Internet so that we can show you advertising related to your browsing profile.<\/p>\n<p>[\/et_pb_text][et_pb_text _builder_version=&#8221;4.24.0&#8243; _module_preset=&#8221;default&#8221; custom_margin=&#8221;||15px||false|false&#8221; global_colors_info=&#8221;{}&#8221; link_text_color=&#8221;#0C71C3&#8243;]<\/p>\n<h6>Facebook Ads<\/h6>\n<p>[\/et_pb_text][et_pb_text _builder_version=&#8221;4.24.0&#8243; _module_preset=&#8221;default&#8221; custom_margin=&#8221;||15px||false|false&#8221; global_colors_info=&#8221;{}&#8221; link_text_color=&#8221;#0C71C3&#8243;]<\/p>\n<ul>\n<li>Facebook Ads Conversion Tracking (Facebook Pixel) (Facebook, Inc.)<\/li>\n<\/ul>\n<p>[\/et_pb_text][et_pb_text _builder_version=&#8221;4.24.0&#8243; _module_preset=&#8221;default&#8221; custom_margin=&#8221;||15px||false|false&#8221; global_colors_info=&#8221;{}&#8221; link_text_color=&#8221;#0C71C3&#8243;]<\/p>\n<p>Facebook Ads conversion tracking (Facebook pixel) is a statistics service provided by Facebook, Inc. that connects data from the Facebook advertising network with the actions performed in this Application. The Facebook pixel tracks conversions that can be attributed to Facebook, Instagram, and Audience Network ads.<\/p>\n<p><strong>Personal Data collected<\/strong>: Cookie and Usage Data.<\/p>\n<p>[\/et_pb_text][et_pb_text _builder_version=&#8221;4.24.0&#8243; _module_preset=&#8221;default&#8221; custom_margin=&#8221;||15px||false|false&#8221; global_colors_info=&#8221;{}&#8221; link_text_color=&#8221;#0C71C3&#8243;]<\/p>\n<ul>\n<li>Facebook Remarketing (Facebook, Inc.)<\/li>\n<\/ul>\n<p>[\/et_pb_text][et_pb_text _builder_version=&#8221;4.24.3&#8243; _module_preset=&#8221;default&#8221; custom_margin=&#8221;||15px||false|false&#8221; hover_enabled=&#8221;0&#8243; global_colors_info=&#8221;{}&#8221; link_text_color=&#8221;#0C71C3&#8243; sticky_enabled=&#8221;0&#8243;]<\/p>\n<p>On this Website we may use Facebook social plugins, and in this case your browser may create a direct connection with Facebook servers and transmit data (user browser identifier) about your behavior by placing cookies on Facebook servers.<\/p>\n<p>Facebook Remarketing is a remarketing and behavioral targeting service provided by Facebook, Inc. that connects the activity of this Application with the Facebook advertising network.<\/p>\n<p>For more information and how to deactivate them, go to the following links: <a href=\"https:\/\/www.facebook.com\/help\/cookies\" target=\"_blank\" rel=\"noopener\">https:\/\/www.facebook.com\/help\/cookies<\/a>; <a href=\"https:\/\/www.facebook.com\/about\/privacy\/cookies\" target=\"_blank\" rel=\"noopener\">https:\/\/www.facebook.com\/about\/privacy\/cookies<\/a>.<\/p>\n<p><strong>Specific purpose<\/strong>: Used by Facebook to provide a series of advertising products such as real-time bidding from third-party advertisers.<\/p>\n<p><strong>Duration<\/strong>: 1-3 months<\/p>\n<p><strong>Management<\/strong>: Third party &#8211; www.facebook.com<\/p>\n<p>[\/et_pb_text][et_pb_text _builder_version=&#8221;4.24.0&#8243; _module_preset=&#8221;default&#8221; custom_margin=&#8221;||15px||false|false&#8221; global_colors_info=&#8221;{}&#8221; link_text_color=&#8221;#0C71C3&#8243;]<\/p>\n<h6>Google Ads<\/h6>\n<p>&nbsp;<\/p>\n<p>[\/et_pb_text][et_pb_text _builder_version=&#8221;4.24.0&#8243; _module_preset=&#8221;default&#8221; custom_margin=&#8221;||15px||false|false&#8221; global_colors_info=&#8221;{}&#8221; link_text_color=&#8221;#0C71C3&#8243;]<\/p>\n<p><strong>Conversion<\/strong><\/p>\n<p>[\/et_pb_text][et_pb_text _builder_version=&#8221;4.24.0&#8243; _module_preset=&#8221;default&#8221; custom_margin=&#8221;||15px||false|false&#8221; global_colors_info=&#8221;{}&#8221; link_text_color=&#8221;#0C71C3&#8243;]<\/p>\n<p>Google uses cookies such as NID or OGP to personalize the ads shown on Google services. Google uses these cookies, for example, to remember your most recent searches, your previous interactions with search results or with an advertiser&#8217;s advertising, and your visits to an advertiser&#8217;s website. This way, Google can show you personalized ads. These cookies are completely managed by Google. Information about your use of our website, including your IP address, may be transmitted to Google and stored on its servers, although this does not identify you personally unless you are logged in to Google, in which case it is linked in your Google account.<\/p>\n<p>[\/et_pb_text][et_pb_text _builder_version=&#8221;4.24.0&#8243; _module_preset=&#8221;default&#8221; custom_margin=&#8221;||15px||false|false&#8221; global_colors_info=&#8221;{}&#8221; link_text_color=&#8221;#0C71C3&#8243;]<\/p>\n<ul>\n<li>Google Ads Conversion Tracking (Google LLC)<\/li>\n<\/ul>\n<p>[\/et_pb_text][et_pb_text _builder_version=&#8221;4.24.0&#8243; _module_preset=&#8221;default&#8221; custom_margin=&#8221;||15px||false|false&#8221; global_colors_info=&#8221;{}&#8221; link_text_color=&#8221;#0C71C3&#8243;]<\/p>\n<p>Google Ads conversion tracking is a statistics service provided by Google LLC that connects data from the Google Ads advertising network with the actions performed in this Application.<\/p>\n<p><strong>Personal data collected<\/strong>: Cookie and usage data.<\/p>\n<p>[\/et_pb_text][et_pb_text _builder_version=&#8221;4.24.0&#8243; _module_preset=&#8221;default&#8221; custom_margin=&#8221;||15px||false|false&#8221; global_colors_info=&#8221;{}&#8221; link_text_color=&#8221;#0C71C3&#8243;]<\/p>\n<ul>\n<li>Google Ads Remarketing<\/li>\n<\/ul>\n<p>[\/et_pb_text][et_pb_text _builder_version=&#8221;4.24.3&#8243; _module_preset=&#8221;default&#8221; link_text_color=&#8221;#0C71C3&#8243; custom_margin=&#8221;||15px||false|false&#8221; global_colors_info=&#8221;{}&#8221;]<\/p>\n<p>We use Google Ads Remarketing which uses cookies to serve targeted online ads based on previous visits to our website. Google uses this information to display ads on various third-party websites across the Internet. These cookies are about to expire and do not contain information that can personally identify you. Please go to Google Advertising: <a href=\"https:\/\/support.google.com\/google-ads\/answer\/2549116?hl=es&amp;ref_topic=3123080\" target=\"_blank\" rel=\"noopener\">Privacy Notice<\/a> for more information.<\/p>\n<p>[\/et_pb_text][et_pb_text _builder_version=&#8221;4.24.0&#8243; _module_preset=&#8221;default&#8221; custom_margin=&#8221;||15px||false|false&#8221; global_colors_info=&#8221;{}&#8221; link_text_color=&#8221;#0C71C3&#8243;]<\/p>\n<ul>\n<li>Google DoubleClick<\/li>\n<\/ul>\n<p>[\/et_pb_text][et_pb_text _builder_version=&#8221;4.24.0&#8243; _module_preset=&#8221;default&#8221; custom_margin=&#8221;||15px||false|false&#8221; global_colors_info=&#8221;{}&#8221; link_text_color=&#8221;#0C71C3&#8243;]<\/p>\n<p>It helps advertisers determine how many times people who click on their ads end up purchasing their products or taking a particular action (for example, submitting a form, watching a video, downloading a PDF, etc.). These cookies allow Google and the advertiser to determine that you click on the ad and then visit the advertiser&#8217;s site. Google does not use conversion cookies for personalized ad targeting and they only persist for a limited time.<\/p>\n<p><strong>Duraci\u00f3n<\/strong>: 30 d\u00edas<\/p>\n<p>[\/et_pb_text][et_pb_text _builder_version=&#8221;4.24.0&#8243; _module_preset=&#8221;default&#8221; custom_margin=&#8221;||15px||false|false&#8221; global_colors_info=&#8221;{}&#8221; link_text_color=&#8221;#0C71C3&#8243;]<\/p>\n<h3>Can cookies be deleted?<\/h3>\n<p>[\/et_pb_text][et_pb_text _builder_version=&#8221;4.24.3&#8243; _module_preset=&#8221;default&#8221; link_text_color=&#8221;#0C71C3&#8243; custom_margin=&#8221;||15px||false|false&#8221; global_colors_info=&#8221;{}&#8221;]<\/p>\n<p>S\u00ed, y no s\u00f3lo eliminar, tambi\u00e9n bloquear, de forma general o particular para un dominio espec\u00edfico.<\/p>\n<p>Para eliminar las cookies de un sitio web debe ir a la configuraci\u00f3n de su navegador y all\u00ed podr\u00e1 buscar las asociadas al dominio en cuesti\u00f3n y proceder a su eliminaci\u00f3n.<\/p>\n<p>\u2022 Cookie settings for <a href=\"https:\/\/support.google.com\/chrome\/answer\/95647?hl=ca\" target=\"_blank\" rel=\"noopener\">Google Chrome<\/a><br \/>\u2022 Cookie settings for <a href=\"https:\/\/support.apple.com\/es-es\/105082\" target=\"_blank\" rel=\"noopener\">Apple Safari<\/a><br \/>\u2022 Cookie settings for <a href=\"https:\/\/support.microsoft.com\/en-us\/windows\/delete-and-manage-cookies-168dab11-0753-043d-7c16-ede5947fc64d#ie=ie-10\" target=\"_blank\" rel=\"noopener\">Internet Explorer<\/a><br \/>\u2022 Cookie settings for <a href=\"https:\/\/support.mozilla.org\/es\/kb\/habilitar-y-deshabilitar-cookies-sitios-web-rastrear-preferencias?redirectlocale=es&amp;redirectslug=habilitar-y-deshabilitar-cookies-que-los-sitios-we\" target=\"_blank\" rel=\"noopener\">Mozilla Firefox<\/a><\/p>\n<p>[\/et_pb_text][et_pb_text _builder_version=&#8221;4.24.0&#8243; _module_preset=&#8221;default&#8221; custom_margin=&#8221;||15px||false|false&#8221; global_colors_info=&#8221;{}&#8221; link_text_color=&#8221;#0C71C3&#8243;]<\/p>\n<h3>Acceptance of cookies<\/h3>\n<p>[\/et_pb_text][et_pb_text _builder_version=&#8221;4.24.0&#8243; _module_preset=&#8221;default&#8221; custom_margin=&#8221;||15px||false|false&#8221; global_colors_info=&#8221;{}&#8221; link_text_color=&#8221;#0C71C3&#8243;]<\/p>\n<p>When accessing this website or application for the first time, a warning will be displayed informing you of the use of cookies and where you can consult this cookie policy. If the user consents to the use of cookies, the installation will be carried out on their computer or device.<\/p>\n<p>In addition to using our own cookies, we allow third parties to set cookies and access your computer. Consent to the cookies of these companies is linked to browsing this website.<\/p>\n<p>[\/et_pb_text][et_pb_text _builder_version=&#8221;4.24.0&#8243; _module_preset=&#8221;default&#8221; custom_margin=&#8221;||15px||false|false&#8221; global_colors_info=&#8221;{}&#8221; link_text_color=&#8221;#0C71C3&#8243;]<\/p>\n<h3>More information about cookies<\/h3>\n<p>[\/et_pb_text][et_pb_text _builder_version=&#8221;4.24.3&#8243; _module_preset=&#8221;default&#8221; link_text_color=&#8221;#0C71C3&#8243; custom_margin=&#8221;||15px||false|false&#8221; global_colors_info=&#8221;{}&#8221;]<\/p>\n<p>You can consult the regulations on cookies published by the Spanish Data Protection Agency in its \u201c<a href=\"https:\/\/www.aepd.es\/sites\/default\/files\/2020-07\/guia-cookies.pdf\" target=\"_blank\" rel=\"noopener\">Guide on the use of cookies<\/a>\u201d and obtain more information about cookies on the Internet, <a href=\"http:\/\/www.aboutcookies.org\/\" target=\"_blank\" rel=\"noopener\">http:\/\/www.aboutcookies.org\/<\/a><\/p>\n<p>If you want to have more control over the installation of cookies, you can install programs or add-ons in your browser, known as \u201cDo Not Track\u201d tools, which will allow you to choose which cookies you want to allow.<\/p>\n<p>This cookie policy was last updated on 05\/13\/2024.<\/p>\n<p>[\/et_pb_text][\/et_pb_column][\/et_pb_row][\/et_pb_section]<\/p>\n","protected":false},"excerpt":{"rendered":"<p>Cookies policyOn this website we collect and use information as indicated in our Privacy Policy. One of the ways we collect information is through the use of technology called \u201ccookies.\u201d At policliniclloret.com, we use cookies for several things.What is a Cookie?A cookie is a small amount of text that is stored in your browser (for [&hellip;]<\/p>\n","protected":false},"author":2,"featured_media":0,"parent":0,"menu_order":0,"comment_status":"closed","ping_status":"closed","template":"","meta":{"_et_pb_use_builder":"on","_et_pb_old_content":"","_et_gb_content_width":"","_monsterinsights_skip_tracking":false,"_monsterinsights_sitenote_active":false,"_monsterinsights_sitenote_note":"","_monsterinsights_sitenote_category":0,"footnotes":""},"class_list":["post-2926","page","type-page","status-publish","hentry"],"_links":{"self":[{"href":"https:\/\/policliniclloret.com\/en\/wp-json\/wp\/v2\/pages\/2926","targetHints":{"allow":["GET"]}}],"collection":[{"href":"https:\/\/policliniclloret.com\/en\/wp-json\/wp\/v2\/pages"}],"about":[{"href":"https:\/\/policliniclloret.com\/en\/wp-json\/wp\/v2\/types\/page"}],"author":[{"embeddable":true,"href":"https:\/\/policliniclloret.com\/en\/wp-json\/wp\/v2\/users\/2"}],"replies":[{"embeddable":true,"href":"https:\/\/policliniclloret.com\/en\/wp-json\/wp\/v2\/comments?post=2926"}],"version-history":[{"count":0,"href":"https:\/\/policliniclloret.com\/en\/wp-json\/wp\/v2\/pages\/2926\/revisions"}],"wp:attachment":[{"href":"https:\/\/policliniclloret.com\/en\/wp-json\/wp\/v2\/media?parent=2926"}],"curies":[{"name":"wp","href":"https:\/\/api.w.org\/{rel}","templated":true}]}}