{"id":936,"date":"2019-03-05T22:16:24","date_gmt":"2019-03-05T21:16:24","guid":{"rendered":"http:\/\/policliniclloret.com\/qui-som\/"},"modified":"2025-03-18T10:18:49","modified_gmt":"2025-03-18T09:18:49","slug":"qui-som","status":"publish","type":"page","link":"https:\/\/policliniclloret.com\/ca\/qui-som\/","title":{"rendered":"Qui som"},"content":{"rendered":"<p>[et_pb_section fb_built=&#8221;1&#8243; fullwidth=&#8221;on&#8221; _builder_version=&#8221;4.16&#8243; background_color=&#8221;#255696&#8243; global_colors_info=&#8221;{}&#8221; da_is_popup=&#8221;off&#8221; da_exit_intent=&#8221;off&#8221; da_has_close=&#8221;on&#8221; da_alt_close=&#8221;off&#8221; da_dark_close=&#8221;off&#8221; da_not_modal=&#8221;on&#8221; da_is_singular=&#8221;off&#8221; da_with_loader=&#8221;off&#8221; da_has_shadow=&#8221;on&#8221; da_disable_devices=&#8221;off|off|off&#8221;][et_pb_fullwidth_header title=&#8221;Missi\u00f3&#8221; text_orientation=&#8221;center&#8221; _builder_version=&#8221;4.16&#8243; background_color=&#8221;#255696&#8243; global_colors_info=&#8221;{}&#8221;][\/et_pb_fullwidth_header][\/et_pb_section][et_pb_section fb_built=&#8221;1&#8243; _builder_version=&#8221;4.16&#8243; background_image=&#8221;http:\/\/policliniclloret.com\/wp-content\/uploads\/2019\/02\/fondo.jpg&#8221; border_width_all=&#8221;1px&#8221; global_colors_info=&#8221;{}&#8221; da_is_popup=&#8221;off&#8221; da_exit_intent=&#8221;off&#8221; da_has_close=&#8221;on&#8221; da_alt_close=&#8221;off&#8221; da_dark_close=&#8221;off&#8221; da_not_modal=&#8221;on&#8221; da_is_singular=&#8221;off&#8221; da_with_loader=&#8221;off&#8221; da_has_shadow=&#8221;on&#8221; da_disable_devices=&#8221;off|off|off&#8221;][et_pb_row _builder_version=&#8221;4.16&#8243; background_size=&#8221;initial&#8221; background_position=&#8221;top_left&#8221; background_repeat=&#8221;repeat&#8221; global_colors_info=&#8221;{}&#8221;][et_pb_column type=&#8221;4_4&#8243; _builder_version=&#8221;4.16&#8243; custom_padding=&#8221;|||&#8221; global_colors_info=&#8221;{}&#8221; custom_padding__hover=&#8221;|||&#8221;][et_pb_text _builder_version=&#8221;4.24.3&#8243; hover_enabled=&#8221;0&#8243; global_colors_info=&#8221;{}&#8221; text_font_size=&#8221;17px&#8221; text_text_color=&#8221;#474747&#8243; sticky_enabled=&#8221;0&#8243;]<\/p>\n<p style=\"text-align: center;\">Millorar la qualitat de vida dels pacients.<\/p>\n<p style=\"text-align: center;\">Assolir l&#8217;excel\u00b7l\u00e8ncia a l&#8217;assist\u00e8ncia cl\u00ednica.<\/p>\n<p style=\"text-align: center;\">Investigar nous procediments diagn\u00f2stics i tractaments personalitzats.<\/p>\n<p style=\"text-align: center;\">Millorar el nivell cient\u00edfic dels professionals de la salut.<\/p>\n<p>[\/et_pb_text][\/et_pb_column][\/et_pb_row][\/et_pb_section][et_pb_section fb_built=&#8221;1&#8243; fullwidth=&#8221;on&#8221; _builder_version=&#8221;4.16&#8243; background_color=&#8221;#255696&#8243; global_colors_info=&#8221;{}&#8221; da_is_popup=&#8221;off&#8221; da_exit_intent=&#8221;off&#8221; da_has_close=&#8221;on&#8221; da_alt_close=&#8221;off&#8221; da_dark_close=&#8221;off&#8221; da_not_modal=&#8221;on&#8221; da_is_singular=&#8221;off&#8221; da_with_loader=&#8221;off&#8221; da_has_shadow=&#8221;on&#8221; da_disable_devices=&#8221;off|off|off&#8221;][et_pb_fullwidth_header title=&#8221;Visi\u00f3&#8221; text_orientation=&#8221;center&#8221; admin_label=&#8221;T\u00edtulo de anchura completa &#8211; Visi\u00f3n&#8221; _builder_version=&#8221;4.16&#8243; background_color=&#8221;#255696&#8243; global_colors_info=&#8221;{}&#8221;][\/et_pb_fullwidth_header][\/et_pb_section][et_pb_section fb_built=&#8221;1&#8243; _builder_version=&#8221;4.16&#8243; background_image=&#8221;http:\/\/policliniclloret.com\/wp-content\/uploads\/2019\/02\/fondo.jpg&#8221; border_width_all=&#8221;1px&#8221; global_colors_info=&#8221;{}&#8221; da_is_popup=&#8221;off&#8221; da_exit_intent=&#8221;off&#8221; da_has_close=&#8221;on&#8221; da_alt_close=&#8221;off&#8221; da_dark_close=&#8221;off&#8221; da_not_modal=&#8221;on&#8221; da_is_singular=&#8221;off&#8221; da_with_loader=&#8221;off&#8221; da_has_shadow=&#8221;on&#8221; da_disable_devices=&#8221;off|off|off&#8221;][et_pb_row _builder_version=&#8221;4.16&#8243; background_size=&#8221;initial&#8221; background_position=&#8221;top_left&#8221; background_repeat=&#8221;repeat&#8221; global_colors_info=&#8221;{}&#8221;][et_pb_column type=&#8221;4_4&#8243; _builder_version=&#8221;4.16&#8243; custom_padding=&#8221;|||&#8221; global_colors_info=&#8221;{}&#8221; custom_padding__hover=&#8221;|||&#8221;][et_pb_text _builder_version=&#8221;4.16&#8243; global_colors_info=&#8221;{}&#8221; text_font_size=&#8221;17px&#8221; text_text_color=&#8221;#474747&#8243;]<\/p>\n<p style=\"text-align: center;\">Posicionar a Policlinic Lloret com la Unitat M\u00e8dica Multidisciplin\u00e0ria privada referent en diagnostico i tractament a nivell nacional i internacional.<\/p>\n<p>[\/et_pb_text][\/et_pb_column][\/et_pb_row][\/et_pb_section][et_pb_section fb_built=&#8221;1&#8243; fullwidth=&#8221;on&#8221; _builder_version=&#8221;4.16&#8243; background_color=&#8221;#255696&#8243; global_colors_info=&#8221;{}&#8221; da_is_popup=&#8221;off&#8221; da_exit_intent=&#8221;off&#8221; da_has_close=&#8221;on&#8221; da_alt_close=&#8221;off&#8221; da_dark_close=&#8221;off&#8221; da_not_modal=&#8221;on&#8221; da_is_singular=&#8221;off&#8221; da_with_loader=&#8221;off&#8221; da_has_shadow=&#8221;on&#8221; da_disable_devices=&#8221;off|off|off&#8221;][et_pb_fullwidth_header title=&#8221;Valors&#8221; text_orientation=&#8221;center&#8221; admin_label=&#8221;T\u00edtulo de anchura completa &#8211; Valores&#8221; _builder_version=&#8221;4.16&#8243; background_color=&#8221;#255696&#8243; global_colors_info=&#8221;{}&#8221;][\/et_pb_fullwidth_header][\/et_pb_section][et_pb_section fb_built=&#8221;1&#8243; _builder_version=&#8221;4.16&#8243; background_image=&#8221;http:\/\/policliniclloret.com\/wp-content\/uploads\/2019\/02\/fondo.jpg&#8221; border_width_all=&#8221;1px&#8221; global_colors_info=&#8221;{}&#8221; da_is_popup=&#8221;off&#8221; da_exit_intent=&#8221;off&#8221; da_has_close=&#8221;on&#8221; da_alt_close=&#8221;off&#8221; da_dark_close=&#8221;off&#8221; da_not_modal=&#8221;on&#8221; da_is_singular=&#8221;off&#8221; da_with_loader=&#8221;off&#8221; da_has_shadow=&#8221;on&#8221; da_disable_devices=&#8221;off|off|off&#8221;][et_pb_row _builder_version=&#8221;4.16&#8243; background_size=&#8221;initial&#8221; background_position=&#8221;top_left&#8221; background_repeat=&#8221;repeat&#8221; global_colors_info=&#8221;{}&#8221;][et_pb_column type=&#8221;4_4&#8243; _builder_version=&#8221;4.16&#8243; custom_padding=&#8221;|||&#8221; global_colors_info=&#8221;{}&#8221; custom_padding__hover=&#8221;|||&#8221;][et_pb_text _builder_version=&#8221;4.16&#8243; global_colors_info=&#8221;{}&#8221; text_font_size=&#8221;17px&#8221; text_text_color=&#8221;#474747&#8243;]<\/p>\n<p style=\"text-align: center;\"><strong>Policlinic Lloret<\/strong> es regeix pels valors seg\u00fcents:<\/p>\n<p style=\"text-align: center;\">Qualitat assistencial<br \/>Tracte personal<br \/>Vocaci\u00f3 cient\u00edfica<br \/>Comprom\u00eds social<br \/>Innovaci\u00f3<\/p>\n<p>[\/et_pb_text][\/et_pb_column][\/et_pb_row][\/et_pb_section]<\/p>\n","protected":false},"excerpt":{"rendered":"<p>Millorar la qualitat de vida dels pacients. Assolir l&#8217;excel\u00b7l\u00e8ncia a l&#8217;assist\u00e8ncia cl\u00ednica. Investigar nous procediments diagn\u00f2stics i tractaments personalitzats. Millorar el nivell cient\u00edfic dels professionals de la salut.Posicionar a Policlinic Lloret com la Unitat M\u00e8dica Multidisciplin\u00e0ria privada referent en diagnostico i tractament a nivell nacional i internacional. Policlinic Lloret es regeix pels valors seg\u00fcents: Qualitat [&hellip;]<\/p>\n","protected":false},"author":2,"featured_media":0,"parent":0,"menu_order":0,"comment_status":"closed","ping_status":"closed","template":"","meta":{"_et_pb_use_builder":"on","_et_pb_old_content":"","_et_gb_content_width":"","_monsterinsights_skip_tracking":false,"_monsterinsights_sitenote_active":false,"_monsterinsights_sitenote_note":"","_monsterinsights_sitenote_category":0,"footnotes":""},"class_list":["post-936","page","type-page","status-publish","hentry"],"_links":{"self":[{"href":"https:\/\/policliniclloret.com\/ca\/wp-json\/wp\/v2\/pages\/936","targetHints":{"allow":["GET"]}}],"collection":[{"href":"https:\/\/policliniclloret.com\/ca\/wp-json\/wp\/v2\/pages"}],"about":[{"href":"https:\/\/policliniclloret.com\/ca\/wp-json\/wp\/v2\/types\/page"}],"author":[{"embeddable":true,"href":"https:\/\/policliniclloret.com\/ca\/wp-json\/wp\/v2\/users\/2"}],"replies":[{"embeddable":true,"href":"https:\/\/policliniclloret.com\/ca\/wp-json\/wp\/v2\/comments?post=936"}],"version-history":[{"count":6,"href":"https:\/\/policliniclloret.com\/ca\/wp-json\/wp\/v2\/pages\/936\/revisions"}],"predecessor-version":[{"id":3165,"href":"https:\/\/policliniclloret.com\/ca\/wp-json\/wp\/v2\/pages\/936\/revisions\/3165"}],"wp:attachment":[{"href":"https:\/\/policliniclloret.com\/ca\/wp-json\/wp\/v2\/media?parent=936"}],"curies":[{"name":"wp","href":"https:\/\/api.w.org\/{rel}","templated":true}]}}