{"id":911,"date":"2019-03-05T21:56:39","date_gmt":"2019-03-05T20:56:39","guid":{"rendered":"http:\/\/policliniclloret.com\/especialitats\/oftalmologia\/"},"modified":"2026-03-16T11:42:46","modified_gmt":"2026-03-16T10:42:46","slug":"oftalmologia","status":"publish","type":"page","link":"https:\/\/policliniclloret.com\/ca\/especialitats\/oftalmologia\/","title":{"rendered":"OFTALMOLOGIA"},"content":{"rendered":"<p>[et_pb_section fb_built=&#8221;1&#8243; fullwidth=&#8221;on&#8221; disabled_on=&#8221;|on|on&#8221; _builder_version=&#8221;4.16&#8243; da_disable_devices=&#8221;off|off|off&#8221; global_colors_info=&#8221;{}&#8221; da_is_popup=&#8221;off&#8221; da_exit_intent=&#8221;off&#8221; da_has_close=&#8221;on&#8221; da_alt_close=&#8221;off&#8221; da_dark_close=&#8221;off&#8221; da_not_modal=&#8221;on&#8221; da_is_singular=&#8221;off&#8221; da_with_loader=&#8221;off&#8221; da_has_shadow=&#8221;on&#8221;][et_pb_fullwidth_image src=&#8221;https:\/\/policliniclloret.com\/wp-content\/uploads\/2019\/02\/oftalmologiaOK.jpg&#8221; _builder_version=&#8221;4.16&#8243; global_colors_info=&#8221;{}&#8221;][\/et_pb_fullwidth_image][\/et_pb_section][et_pb_section fb_built=&#8221;1&#8243; fullwidth=&#8221;on&#8221; disabled_on=&#8221;on||&#8221; _builder_version=&#8221;4.16&#8243; da_disable_devices=&#8221;off|off|off&#8221; global_colors_info=&#8221;{}&#8221; da_is_popup=&#8221;off&#8221; da_exit_intent=&#8221;off&#8221; da_has_close=&#8221;on&#8221; da_alt_close=&#8221;off&#8221; da_dark_close=&#8221;off&#8221; da_not_modal=&#8221;on&#8221; da_is_singular=&#8221;off&#8221; da_with_loader=&#8221;off&#8221; da_has_shadow=&#8221;on&#8221;][et_pb_fullwidth_slider show_arrows=&#8221;off&#8221; show_pagination=&#8221;off&#8221; _builder_version=&#8221;4.16&#8243; global_colors_info=&#8221;{}&#8221;][et_pb_slide use_bg_overlay=&#8221;off&#8221; use_text_overlay=&#8221;off&#8221; _builder_version=&#8221;4.16&#8243; background_image=&#8221;https:\/\/policliniclloret.com\/wp-content\/uploads\/2019\/02\/oftalmologiaOK.jpg&#8221; button_on_hover=&#8221;on&#8221; global_colors_info=&#8221;{}&#8221; sticky_transition=&#8221;on&#8221;][\/et_pb_slide][\/et_pb_fullwidth_slider][\/et_pb_section][et_pb_section fb_built=&#8221;1&#8243; fullwidth=&#8221;on&#8221; _builder_version=&#8221;4.16&#8243; background_color=&#8221;#255696&#8243; da_disable_devices=&#8221;off|off|off&#8221; global_colors_info=&#8221;{}&#8221; da_is_popup=&#8221;off&#8221; da_exit_intent=&#8221;off&#8221; da_has_close=&#8221;on&#8221; da_alt_close=&#8221;off&#8221; da_dark_close=&#8221;off&#8221; da_not_modal=&#8221;on&#8221; da_is_singular=&#8221;off&#8221; da_with_loader=&#8221;off&#8221; da_has_shadow=&#8221;on&#8221;][et_pb_fullwidth_header text_orientation=&#8221;center&#8221; admin_label=&#8221;OFTALMOLOG\u00cdA&#8221; _builder_version=&#8221;4.16&#8243; title_text_color=&#8221;#ffffff&#8221; background_color=&#8221;rgba(126,190,197,0)&#8221; custom_padding=&#8221;0px||0px|&#8221; custom_css_title=&#8221;padding-bottom: 0px;&#8221; global_colors_info=&#8221;{}&#8221;]<\/p>\n<h1 style=\"text-align: center;\">OFTALMOLOGIA<\/h1>\n<p>[\/et_pb_fullwidth_header][\/et_pb_section][et_pb_section fb_built=&#8221;1&#8243; _builder_version=&#8221;4.16&#8243; da_disable_devices=&#8221;off|off|off&#8221; global_colors_info=&#8221;{}&#8221; da_is_popup=&#8221;off&#8221; da_exit_intent=&#8221;off&#8221; da_has_close=&#8221;on&#8221; da_alt_close=&#8221;off&#8221; da_dark_close=&#8221;off&#8221; da_not_modal=&#8221;on&#8221; da_is_singular=&#8221;off&#8221; da_with_loader=&#8221;off&#8221; da_has_shadow=&#8221;on&#8221;][et_pb_row _builder_version=&#8221;4.16&#8243; background_size=&#8221;initial&#8221; background_position=&#8221;top_left&#8221; background_repeat=&#8221;repeat&#8221; global_colors_info=&#8221;{}&#8221;][et_pb_column type=&#8221;4_4&#8243; _builder_version=&#8221;4.16&#8243; custom_padding=&#8221;|||&#8221; global_colors_info=&#8221;{}&#8221; custom_padding__hover=&#8221;|||&#8221;][et_pb_code _builder_version=&#8221;4.27.5&#8243; _module_preset=&#8221;default&#8221; hover_enabled=&#8221;0&#8243; sticky_enabled=&#8221;0&#8243;]<\/p>\n<div class=\"llista-doctors-especialitat\"><!-- [et_pb_line_break_holder] --><!-- [et_pb_line_break_holder] --><\/p>\n<div class=\"doctor-item\"><!-- [et_pb_line_break_holder] -->  <span class=\"doctor-nom\">Aparicio Rodriguez, Daniel<\/span><!-- [et_pb_line_break_holder] -->  <span class=\"doctor-especialitat\">\u2013 <\/span><!-- [et_pb_line_break_holder] --><\/div>\n<p><!-- [et_pb_line_break_holder] --><!-- [et_pb_line_break_holder] --><\/p>\n<div class=\"doctor-item\"><!-- [et_pb_line_break_holder] -->  <span class=\"doctor-nom\">Fari\u00f1a Narvaez, Hector<\/span><!-- [et_pb_line_break_holder] -->  <span class=\"doctor-especialitat\">\u2013 <\/span><!-- [et_pb_line_break_holder] --><\/div>\n<p><!-- [et_pb_line_break_holder] --><!-- [et_pb_line_break_holder] --><\/p>\n<div class=\"doctor-item\"><!-- [et_pb_line_break_holder] -->  <span class=\"doctor-nom\">Martinez Suris, Marc<\/span><!-- [et_pb_line_break_holder] -->  <span class=\"doctor-especialitat\">\u2013 <\/span><!-- [et_pb_line_break_holder] --><\/div>\n<p><!-- [et_pb_line_break_holder] --><!-- [et_pb_line_break_holder] --><\/p>\n<div class=\"doctor-item\"><!-- [et_pb_line_break_holder] -->  <span class=\"doctor-nom\">Ruiz Vera, Lourdes<\/span><!-- [et_pb_line_break_holder] -->  <span class=\"doctor-especialitat\">\u2013 <\/span><!-- [et_pb_line_break_holder] --><\/div>\n<p><!-- [et_pb_line_break_holder] --><!-- [et_pb_line_break_holder] --><\/div>\n<p>[\/et_pb_code][et_pb_divider color=&#8221;#1a2bcc&#8221; divider_weight=&#8221;2&#8243; _builder_version=&#8221;4.16&#8243; max_width=&#8221;50%&#8221; module_alignment=&#8221;center&#8221; global_colors_info=&#8221;{}&#8221;][\/et_pb_divider][et_pb_text _builder_version=&#8221;4.16&#8243; text_orientation=&#8221;center&#8221; z_index_tablet=&#8221;500&#8243; global_colors_info=&#8221;{}&#8221;]<\/p>\n<p>El Servei d&#8217;Oftalmologia de Policlinic Lloret ofereix solucions als pacients oftalmol\u00f2gics basades en els coneixements i l&#8217;experi\u00e8ncia del seu equip de professionals i en una tecnologia avan\u00e7ada. Una preocupaci\u00f3 constant del Servei d&#8217;Oftalmologia \u00e9s treballar sota criteris homogenis i amb uns nivells de preparaci\u00f3 i actualitzaci\u00f3 constant en la seva especialitat o subespecialitat. En la seva cartera de serveis, l&#8217;\u00c0rea d&#8217;Oftalmologia inclou la pr\u00e0ctica totalitat dels procediments diagn\u00f2stics i terap\u00e8utics disponibles en l&#8217;actualitat, des de la consulta cl\u00ednica fins als procediments terap\u00e8utics que siguin necessaris, amb l\u00e0ser o quir\u00fargics. Policlinic Lloret ofereix als als pacients oftalmol\u00f2gics m\u00faltiples t\u00e8cniques rellevants.<\/p>\n<p>[\/et_pb_text][et_pb_divider color=&#8221;#1a2bcc&#8221; divider_weight=&#8221;2&#8243; _builder_version=&#8221;4.16&#8243; max_width=&#8221;50%&#8221; module_alignment=&#8221;center&#8221; custom_margin=&#8221;20px|||&#8221; global_colors_info=&#8221;{}&#8221;][\/et_pb_divider][et_pb_text _builder_version=&#8221;4.16&#8243; global_colors_info=&#8221;{}&#8221;]<\/p>\n<h4 style=\"text-align: center;\">EN COL\u00b7LABORACI\u00d3 AMB:<\/h4>\n<p>[\/et_pb_text][et_pb_image src=&#8221;https:\/\/policliniclloret.com\/wp-content\/uploads\/2019\/02\/oftalis.jpg&#8221; url=&#8221;http:\/\/oftalis.com&#8221; align=&#8221;center&#8221; align_tablet=&#8221;center&#8221; align_phone=&#8221;center&#8221; align_last_edited=&#8221;on|desktop&#8221; admin_label=&#8221;Oftalis logo&#8221; _builder_version=&#8221;4.16&#8243; global_colors_info=&#8221;{}&#8221;][\/et_pb_image][\/et_pb_column][\/et_pb_row][\/et_pb_section]<\/p>\n","protected":false},"excerpt":{"rendered":"<p>OFTALMOLOGIA  Aparicio Rodriguez, Daniel \u2013  Fari\u00f1a Narvaez, Hector \u2013  Martinez Suris, Marc \u2013  Ruiz Vera, Lourdes \u2013 El Servei d&#8217;Oftalmologia de Policlinic Lloret ofereix solucions als pacients oftalmol\u00f2gics basades en els coneixements i l&#8217;experi\u00e8ncia del seu equip de professionals i en una tecnologia avan\u00e7ada. Una preocupaci\u00f3 constant del Servei d&#8217;Oftalmologia \u00e9s treballar sota criteris homogenis i [&hellip;]<\/p>\n","protected":false},"author":2,"featured_media":0,"parent":882,"menu_order":0,"comment_status":"closed","ping_status":"closed","template":"","meta":{"_et_pb_use_builder":"on","_et_pb_old_content":"","_et_gb_content_width":"","_monsterinsights_skip_tracking":false,"_monsterinsights_sitenote_active":false,"_monsterinsights_sitenote_note":"","_monsterinsights_sitenote_category":0,"footnotes":""},"class_list":["post-911","page","type-page","status-publish","hentry"],"_links":{"self":[{"href":"https:\/\/policliniclloret.com\/ca\/wp-json\/wp\/v2\/pages\/911","targetHints":{"allow":["GET"]}}],"collection":[{"href":"https:\/\/policliniclloret.com\/ca\/wp-json\/wp\/v2\/pages"}],"about":[{"href":"https:\/\/policliniclloret.com\/ca\/wp-json\/wp\/v2\/types\/page"}],"author":[{"embeddable":true,"href":"https:\/\/policliniclloret.com\/ca\/wp-json\/wp\/v2\/users\/2"}],"replies":[{"embeddable":true,"href":"https:\/\/policliniclloret.com\/ca\/wp-json\/wp\/v2\/comments?post=911"}],"version-history":[{"count":5,"href":"https:\/\/policliniclloret.com\/ca\/wp-json\/wp\/v2\/pages\/911\/revisions"}],"predecessor-version":[{"id":3683,"href":"https:\/\/policliniclloret.com\/ca\/wp-json\/wp\/v2\/pages\/911\/revisions\/3683"}],"up":[{"embeddable":true,"href":"https:\/\/policliniclloret.com\/ca\/wp-json\/wp\/v2\/pages\/882"}],"wp:attachment":[{"href":"https:\/\/policliniclloret.com\/ca\/wp-json\/wp\/v2\/media?parent=911"}],"curies":[{"name":"wp","href":"https:\/\/api.w.org\/{rel}","templated":true}]}}