{"id":907,"date":"2019-03-05T21:55:31","date_gmt":"2019-03-05T20:55:31","guid":{"rendered":"http:\/\/policliniclloret.com\/especialitats\/neumologia\/"},"modified":"2023-01-16T17:44:05","modified_gmt":"2023-01-16T16:44:05","slug":"neumologia","status":"publish","type":"page","link":"https:\/\/policliniclloret.com\/ca\/especialitats\/neumologia\/","title":{"rendered":"NEUMOLOGIA"},"content":{"rendered":"<p>[et_pb_section fb_built=&#8221;1&#8243; fullwidth=&#8221;on&#8221; disabled_on=&#8221;|on|on&#8221; _builder_version=&#8221;4.16&#8243; global_colors_info=&#8221;{}&#8221;][et_pb_fullwidth_image src=&#8221;http:\/\/policliniclloret.com\/wp-content\/uploads\/2019\/02\/neumologia.jpg&#8221; _builder_version=&#8221;4.16&#8243; global_colors_info=&#8221;{}&#8221;][\/et_pb_fullwidth_image][\/et_pb_section][et_pb_section fb_built=&#8221;1&#8243; fullwidth=&#8221;on&#8221; disabled_on=&#8221;on||&#8221; _builder_version=&#8221;4.16&#8243; global_colors_info=&#8221;{}&#8221;][et_pb_fullwidth_slider show_arrows=&#8221;off&#8221; show_pagination=&#8221;off&#8221; _builder_version=&#8221;4.16&#8243; global_colors_info=&#8221;{}&#8221;][et_pb_slide use_bg_overlay=&#8221;off&#8221; use_text_overlay=&#8221;off&#8221; _builder_version=&#8221;4.16&#8243; background_image=&#8221;http:\/\/policliniclloret.com\/wp-content\/uploads\/2019\/02\/neumologia.jpg&#8221; button_on_hover=&#8221;on&#8221; global_colors_info=&#8221;{}&#8221; sticky_transition=&#8221;on&#8221;][\/et_pb_slide][\/et_pb_fullwidth_slider][\/et_pb_section][et_pb_section fb_built=&#8221;1&#8243; fullwidth=&#8221;on&#8221; _builder_version=&#8221;4.16&#8243; background_color=&#8221;#255696&#8243; global_colors_info=&#8221;{}&#8221;][et_pb_fullwidth_header text_orientation=&#8221;center&#8221; admin_label=&#8221;NEUMOLOG\u00cdA&#8221; _builder_version=&#8221;4.16&#8243; title_text_color=&#8221;#ffffff&#8221; background_color=&#8221;rgba(126,190,197,0)&#8221; custom_padding=&#8221;0px||0px|&#8221; custom_css_title=&#8221;padding-bottom: 0px;&#8221; global_colors_info=&#8221;{}&#8221;]<\/p>\n<h1 style=\"text-align: center;\">NEUMOLOGIA<\/h1>\n<p>[\/et_pb_fullwidth_header][\/et_pb_section][et_pb_section fb_built=&#8221;1&#8243; _builder_version=&#8221;4.16&#8243; global_colors_info=&#8221;{}&#8221;][et_pb_row _builder_version=&#8221;4.16&#8243; background_size=&#8221;initial&#8221; background_position=&#8221;top_left&#8221; background_repeat=&#8221;repeat&#8221; global_colors_info=&#8221;{}&#8221;][et_pb_column type=&#8221;4_4&#8243; _builder_version=&#8221;4.16&#8243; custom_padding=&#8221;|||&#8221; global_colors_info=&#8221;{}&#8221; custom_padding__hover=&#8221;|||&#8221;][et_pb_text _builder_version=&#8221;4.16&#8243; global_colors_info=&#8221;{}&#8221;][\/et_pb_text][et_pb_divider color=&#8221;#1a2bcc&#8221; divider_weight=&#8221;2&#8243; _builder_version=&#8221;4.16&#8243; max_width=&#8221;50%&#8221; module_alignment=&#8221;center&#8221; global_colors_info=&#8221;{}&#8221;][\/et_pb_divider][et_pb_text _builder_version=&#8221;4.16&#8243; text_orientation=&#8221;center&#8221; global_colors_info=&#8221;{}&#8221;]<\/p>\n<p>ESTUDI FUNCIONAL RESPIRATORI: valoraci\u00f3 fisiopatol\u00f2gica de l&#8217;estat funcional respiratori que permeten quantificar amb gran exactitud el grau de deterioraci\u00f3 funcional. Inclou: espirometr\u00eda i prova broncodilatadora, volums pulmonars i difusi\u00f3 de CO, prova de provocaci\u00f3 bronquial amb metacolina, determinaci\u00f3 de fracci\u00f3 espirada d&#8217;\u00f2xid n\u00edtric (fen\u00f2mens).<\/p>\n<p>BRONCOSCOPIA: La broncoscopia (endosc\u00f2pia respirat\u00f2ria) \u00e9s una exploraci\u00f3 complement\u00e0ria respirat\u00f2ria que es realitza per al diagn\u00f2stic de les patologies respirat\u00f2ries que aix\u00ed ho requereixin (infecci\u00f3 respirat\u00f2ria, estudi de patologia tumoral, neumopat\u00eda intersticial, etc.). Aquest procediment el realitza un especialista en Pneumologia. Els procediments broncoscopis s\u00f3n: Broncoaspirado, rentat broncoalveolar, bi\u00f2psies bronquials o bi\u00f2psies transbronquial i punci\u00f3 d&#8217;adenopaties.<\/p>\n<p>ESTUDI DE PATOLOGIA DEL SOMNI: inclou l&#8217;estudi diagn\u00f2stic aix\u00ed com tractament de la S\u00edndrome d&#8217;apnea-singloto apnea obstructiva del somni (XAS), i altres trastorns respiratoris associats al somni. \u00c9s realitzat per un especialista en l&#8217;\u00e0rea (pneum\u00f2leg) mitjan\u00e7ant proves diagn\u00f2stiques com la poligraf\u00eda respirat\u00f2ria i tractament amb CPAP.<\/p>\n<p>[\/et_pb_text][\/et_pb_column][\/et_pb_row][\/et_pb_section]<\/p>\n","protected":false},"excerpt":{"rendered":"<p>NEUMOLOGIA ESTUDI FUNCIONAL RESPIRATORI: valoraci\u00f3 fisiopatol\u00f2gica de l&#8217;estat funcional respiratori que permeten quantificar amb gran exactitud el grau de deterioraci\u00f3 funcional. Inclou: espirometr\u00eda i prova broncodilatadora, volums pulmonars i difusi\u00f3 de CO, prova de provocaci\u00f3 bronquial amb metacolina, determinaci\u00f3 de fracci\u00f3 espirada d&#8217;\u00f2xid n\u00edtric (fen\u00f2mens). BRONCOSCOPIA: La broncoscopia (endosc\u00f2pia respirat\u00f2ria) \u00e9s una exploraci\u00f3 complement\u00e0ria respirat\u00f2ria [&hellip;]<\/p>\n","protected":false},"author":2,"featured_media":0,"parent":882,"menu_order":0,"comment_status":"closed","ping_status":"closed","template":"","meta":{"_et_pb_use_builder":"on","_et_pb_old_content":"","_et_gb_content_width":"","_monsterinsights_skip_tracking":false,"_monsterinsights_sitenote_active":false,"_monsterinsights_sitenote_note":"","_monsterinsights_sitenote_category":0,"footnotes":""},"class_list":["post-907","page","type-page","status-publish","hentry"],"_links":{"self":[{"href":"https:\/\/policliniclloret.com\/ca\/wp-json\/wp\/v2\/pages\/907","targetHints":{"allow":["GET"]}}],"collection":[{"href":"https:\/\/policliniclloret.com\/ca\/wp-json\/wp\/v2\/pages"}],"about":[{"href":"https:\/\/policliniclloret.com\/ca\/wp-json\/wp\/v2\/types\/page"}],"author":[{"embeddable":true,"href":"https:\/\/policliniclloret.com\/ca\/wp-json\/wp\/v2\/users\/2"}],"replies":[{"embeddable":true,"href":"https:\/\/policliniclloret.com\/ca\/wp-json\/wp\/v2\/comments?post=907"}],"version-history":[{"count":0,"href":"https:\/\/policliniclloret.com\/ca\/wp-json\/wp\/v2\/pages\/907\/revisions"}],"up":[{"embeddable":true,"href":"https:\/\/policliniclloret.com\/ca\/wp-json\/wp\/v2\/pages\/882"}],"wp:attachment":[{"href":"https:\/\/policliniclloret.com\/ca\/wp-json\/wp\/v2\/media?parent=907"}],"curies":[{"name":"wp","href":"https:\/\/api.w.org\/{rel}","templated":true}]}}