{"id":1068,"date":"2019-03-23T11:41:41","date_gmt":"2019-03-23T10:41:41","guid":{"rendered":"http:\/\/policliniclloret.com\/avis-legal\/"},"modified":"2024-11-15T10:51:19","modified_gmt":"2024-11-15T09:51:19","slug":"avis-legal","status":"publish","type":"page","link":"https:\/\/policliniclloret.com\/ca\/avis-legal\/","title":{"rendered":"Av\u00eds legal"},"content":{"rendered":"<p>[et_pb_section fb_built=&#8221;1&#8243; _builder_version=&#8221;4.22.2&#8243; _module_preset=&#8221;default&#8221; da_disable_devices=&#8221;off|off|off&#8221; global_colors_info=&#8221;{}&#8221; da_is_popup=&#8221;off&#8221; da_exit_intent=&#8221;off&#8221; da_has_close=&#8221;on&#8221; da_alt_close=&#8221;off&#8221; da_dark_close=&#8221;off&#8221; da_not_modal=&#8221;on&#8221; da_is_singular=&#8221;off&#8221; da_with_loader=&#8221;off&#8221; da_has_shadow=&#8221;on&#8221;][et_pb_row _builder_version=&#8221;4.22.2&#8243; _module_preset=&#8221;default&#8221; global_colors_info=&#8221;{}&#8221;][et_pb_column type=&#8221;4_4&#8243; _builder_version=&#8221;4.22.2&#8243; _module_preset=&#8221;default&#8221; global_colors_info=&#8221;{}&#8221;][et_pb_text _builder_version=&#8221;4.22.2&#8243; _module_preset=&#8221;default&#8221; custom_margin=&#8221;||20px||false|false&#8221; global_colors_info=&#8221;{}&#8221;]<\/p>\n<h1>Av\u00eds Legal<\/h1>\n<p>[\/et_pb_text][et_pb_text _builder_version=&#8221;4.24.3&#8243; _module_preset=&#8221;default&#8221; custom_margin=&#8221;||20px||false|false&#8221; global_colors_info=&#8221;{}&#8221;]<\/p>\n<p>Est\u00e0s en un espai comprom\u00e8s amb els drets dels seus usuaris i per aix\u00f2 tindr\u00e0s m\u00e0xima transpar\u00e8ncia i rigor sobre tot all\u00f2 que necessites saber sobre aquesta web.<\/p>\n<p>Aquest web compleix rigorosament amb la Llei Org\u00e0nica 3\/2018, del 5 de desembre, de Protecci\u00f3 de Dades Personals i garantia dels drets digitals (LOPDGDD). Compleix tamb\u00e9 amb el Reglament (UE) 2016\/679 del Parlament Europeu i del Consell de 27 d&#8217;abril de 2016 relatiu a la protecci\u00f3 de les persones f\u00edsiques (RGPD), aix\u00ed com amb la Llei 34\/2002, d&#8217;11 de juliol, de Servicis de la Societat de la Informaci\u00f3 i Comer\u00e7 Electr\u00f2nic (LSSICE o LSSI).<\/p>\n<p>[\/et_pb_text][et_pb_text _builder_version=&#8221;4.22.2&#8243; _module_preset=&#8221;default&#8221; custom_margin=&#8221;||20px||false|false&#8221; global_colors_info=&#8221;{}&#8221;]<\/p>\n<h3>Identificador del responsable de la web<\/h3>\n<p>[\/et_pb_text][et_pb_text _builder_version=&#8221;4.24.3&#8243; _module_preset=&#8221;default&#8221; custom_margin=&#8221;||20px||false|false&#8221; global_colors_info=&#8221;{}&#8221;]<\/p>\n<p><strong>Denominaci\u00f3 social:<\/strong> Centre Medic Fenals S.L.<\/p>\n<p><strong>NIF:<\/strong> B55115299<\/p>\n<p><strong>Correu electr\u00f2nic:<\/strong> info @ policliniclloret.com<\/p>\n<p><strong>Domicili social:<\/strong> VILA DE BLANES, 136 LOCAL 5, 17310 LLORET DE MAR, Gerona<\/p>\n<p><strong>La seva activitat social \u00e9s:<\/strong> Actividades de medicina general<\/p>\n<p><strong>N\u00ba. de Registre Mercantil:<\/strong><\/p>\n<p>[\/et_pb_text][et_pb_text _builder_version=&#8221;4.22.2&#8243; _module_preset=&#8221;default&#8221; custom_margin=&#8221;||20px||false|false&#8221; global_colors_info=&#8221;{}&#8221;]<\/p>\n<h3>Et preocupen les dades personals?<\/h3>\n<p>[\/et_pb_text][et_pb_text _builder_version=&#8221;4.24.3&#8243; _module_preset=&#8221;default&#8221; link_text_color=&#8221;#0C71C3&#8243; custom_margin=&#8221;||20px||false|false&#8221; global_colors_info=&#8221;{}&#8221;]<\/p>\n<p>Llegeix la <a href=\"\/ca\/politica-de-privadesa\/\" data-mce-href=\"\/ca\/politica-de-privadesa\/\">Pol\u00edtica de Privadesa<\/a>.<\/p>\n<p>[\/et_pb_text][et_pb_text _builder_version=&#8221;4.22.2&#8243; _module_preset=&#8221;default&#8221; custom_margin=&#8221;||20px||false|false&#8221; global_colors_info=&#8221;{}&#8221;]<\/p>\n<h3>Compromisos i obligacions dels usuaris<\/h3>\n<p>[\/et_pb_text][et_pb_text _builder_version=&#8221;4.24.3&#8243; _module_preset=&#8221;default&#8221; custom_margin=&#8221;||20px||false|false&#8221; global_colors_info=&#8221;{}&#8221;]<\/p>\n<p>L&#8217;usuari queda informat, i accepta, que l&#8217;acc\u00e9s a la present web no suposa, de cap manera, l&#8217;inici d&#8217;una relaci\u00f3 comercial amb Centre Medic Fenals S.L.. D&#8217;aquesta manera, l&#8217;usuari es compromet a utilitzar el lloc web, els serveis i els continguts sense contravenir la legislaci\u00f3 vigent, la bona fe i lordre p\u00fablic. Queda prohibit l&#8217;\u00fas del web, amb finalitats il\u00b7l\u00edcites o lesives, o que, de qualsevol manera, puguin causar perjudici o impedir el funcionament normal del lloc web. Pel que fa als continguts d&#8217;aquesta web, es prohibeix:<\/p>\n<ul>\n<li>La seva reproducci\u00f3, distribuci\u00f3 o modificaci\u00f3, total o parcial, llevat que es compti amb la meva autoritzaci\u00f3 com a leg\u00edtim titular.<\/li>\n<li>Qualsevol vulneraci\u00f3 dels drets del prestador o de mi com a leg\u00edtim titular.<\/li>\n<li>La seva utilitzaci\u00f3 per a fins comercials o publicitaris.<\/li>\n<\/ul>\n<p>A la utilitzaci\u00f3 de la web policliniclloret.com l&#8217;usuari es compromet a no dur a terme cap conducta que pogu\u00e9s danyar la imatge, els interessos i els drets de Centre Medic Fenals S.L. o de tercers, o que pogu\u00e9s fer malb\u00e9, inutilitzar o sobrecarregar el portal policliniclloret.com, o que imped\u00eds, de qualsevol manera, la utilitzaci\u00f3 normal de la web. Tot i aix\u00f2, l&#8217;usuari ha de ser conscient que les mesures de seguretat dels sistemes inform\u00e0tics a Internet no s\u00f3n enterament fiables i que, per tant, policliniclloret.com no pot garantir la inexist\u00e8ncia de codi malici\u00f3s o altres elements que puguin produir alteracions en els sistemes inform\u00e0tics (programari i maquinari) de l&#8217;usuari o als seus documents electr\u00f2nics i fitxers continguts en ells, encara que hi poso tots els mitjans necessaris i les mesures de seguretat oportunes per evitar la pres\u00e8ncia d&#8217;aquests elements nocius.<\/p>\n<p>[\/et_pb_text][et_pb_text _builder_version=&#8221;4.22.2&#8243; _module_preset=&#8221;default&#8221; custom_margin=&#8221;||20px||false|false&#8221; global_colors_info=&#8221;{}&#8221;]<\/p>\n<h3>Mesures de seguretat<\/h3>\n<p>[\/et_pb_text][et_pb_text _builder_version=&#8221;4.24.3&#8243; _module_preset=&#8221;default&#8221; custom_margin=&#8221;||20px||false|false&#8221; global_colors_info=&#8221;{}&#8221;]<\/p>\n<p>Les dades personals comunicades per l&#8217;usuari a Centre Medic Fenals S.L. poden ser emmagatzemats en bases de dades automatitzades o no, la titularitat de les quals correspon en exclusiva a Centre Medic Fenals S.L., assumint aquesta totes les mesures d&#8217;\u00edndole t\u00e8cnica, organitzativa i de seguretat que garanteixen la confidencialitat, integritat i qualitat de la informaci\u00f3 que cont\u00e9 d&#8217;acord de manera que estableix la normativa vigent en protecci\u00f3 de dades.<\/p>\n<p>La comunicaci\u00f3 entre els usuaris i policliniclloret.com utilitza un canal segur, i les dades transmeses s\u00f3n xifrades gr\u00e0cies al protocol https, per tant disposo les millors condicions de seguretat perqu\u00e8 la confidencialitat dels usuaris estigui garantida.<\/p>\n<p>[\/et_pb_text][et_pb_text _builder_version=&#8221;4.22.2&#8243; _module_preset=&#8221;default&#8221; custom_margin=&#8221;||20px||false|false&#8221; global_colors_info=&#8221;{}&#8221;]<\/p>\n<h3>Plataforma de resoluci\u00f3 de conflictes<\/h3>\n<p>[\/et_pb_text][et_pb_text _builder_version=&#8221;4.22.2&#8243; _module_preset=&#8221;default&#8221; custom_margin=&#8221;||20px||false|false&#8221; global_colors_info=&#8221;{}&#8221;]<\/p>\n<p>Poso tamb\u00e9 a disposici\u00f3 dels usuaris la plataforma de resoluci\u00f3 de litigis que facilita la Comissi\u00f3 Europea i que es troba disponible al seg\u00fcent enlla\u00e7: <a href=\"https:\/\/ec.europa.eu\/consumers\/odr\/main\/index.cfm?event=main.home2.show&amp;lng=ES\" data-mce-href=\"https:\/\/ec.europa.eu\/consumers\/odr\/main\/index.cfm?event=main.home2.show&amp;lng=ES\" data-mce- target=\"_blank\" rel=\"noopener\">https:\/\/ec.europa.eu\/consumers\/odr\/<\/a><\/p>\n<p>[\/et_pb_text][et_pb_text _builder_version=&#8221;4.22.2&#8243; _module_preset=&#8221;default&#8221; custom_margin=&#8221;||20px||false|false&#8221; global_colors_info=&#8221;{}&#8221;]<\/p>\n<h3>Exclusi\u00f3 de garanties i responsable<\/h3>\n<p>[\/et_pb_text][et_pb_text _builder_version=&#8221;4.24.3&#8243; _module_preset=&#8221;default&#8221; custom_margin=&#8221;||20px||false|false&#8221; global_colors_info=&#8221;{}&#8221;]<\/p>\n<p>Centre Medic Fenals S.L. no atorga cap garantia ni es fa responsable, en cap cas, dels danys i perjudicis de qualsevol naturalesa que poguessin portar causa de:<\/p>\n<ul>\n<li>La manca de disponibilitat, manteniment i efectiu funcionament de la web, o dels seus serveis i continguts.<\/li>\n<li>L&#8217;exist\u00e8ncia de codi malici\u00f3s (malware), programes maliciosos o lesius en els continguts.<\/li>\n<li>L&#8217;\u00fas il\u00b7l\u00edcit, negligent, fraudulent o contrari a aquest Av\u00eds Legal.<\/li>\n<li>La manca de licitud, qualitat, fiabilitat, utilitat i disponibilitat dels serveis prestats per tercers i posats a disposici\u00f3 dels usuaris al lloc web.<\/li>\n<li>El prestador no es fa responsable sota cap concepte dels danys que poguessin dimanar de l\u00fas il\u00b7legal o indegut de la present p\u00e0gina web.<\/li>\n<\/ul>\n<p>[\/et_pb_text][et_pb_text _builder_version=&#8221;4.22.2&#8243; _module_preset=&#8221;default&#8221; custom_margin=&#8221;||20px||false|false&#8221; global_colors_info=&#8221;{}&#8221;]<\/p>\n<h3>Llei aplicable i jurisdicci\u00f3<\/h3>\n<p>[\/et_pb_text][et_pb_text _builder_version=&#8221;4.24.3&#8243; _module_preset=&#8221;default&#8221; custom_margin=&#8221;||20px||false|false&#8221; hover_enabled=&#8221;0&#8243; global_colors_info=&#8221;{}&#8221; sticky_enabled=&#8221;0&#8243;]<\/p>\n<p>Amb car\u00e0cter general, les relacions entre Centre Medic Fenals S.L. i els usuaris dels seus serveis telem\u00e0tics presents a aquesta web, estan sotmeses a la legislaci\u00f3 i jurisdicci\u00f3 espanyoles i als tribunals de Girona.<br \/>En cas que qualsevol usuari tingu\u00e9s algun dubte sobre les condicions d&#8217;aquest Av\u00eds Legal o qualsevol comentari sobre el portal policliniclloret.com, si us plau adreceu-vos a info @ policliniclloret.com.<br \/>L&#8217;Av\u00eds Legal ha estat actualitzat per darrera vegada el 13 de Maig de 2024.<\/p>\n<p>[\/et_pb_text][\/et_pb_column][\/et_pb_row][\/et_pb_section]<\/p>\n","protected":false},"excerpt":{"rendered":"<p>Av\u00eds LegalEst\u00e0s en un espai comprom\u00e8s amb els drets dels seus usuaris i per aix\u00f2 tindr\u00e0s m\u00e0xima transpar\u00e8ncia i rigor sobre tot all\u00f2 que necessites saber sobre aquesta web.Aquest web compleix rigorosament amb la Llei Org\u00e0nica 3\/2018, del 5 de desembre, de Protecci\u00f3 de Dades Personals i garantia dels drets digitals (LOPDGDD). Compleix tamb\u00e9 amb [&hellip;]<\/p>\n","protected":false},"author":2,"featured_media":0,"parent":0,"menu_order":0,"comment_status":"closed","ping_status":"closed","template":"","meta":{"_et_pb_use_builder":"on","_et_pb_old_content":"","_et_gb_content_width":"","_monsterinsights_skip_tracking":false,"_monsterinsights_sitenote_active":false,"_monsterinsights_sitenote_note":"","_monsterinsights_sitenote_category":0,"footnotes":""},"class_list":["post-1068","page","type-page","status-publish","hentry"],"_links":{"self":[{"href":"https:\/\/policliniclloret.com\/ca\/wp-json\/wp\/v2\/pages\/1068","targetHints":{"allow":["GET"]}}],"collection":[{"href":"https:\/\/policliniclloret.com\/ca\/wp-json\/wp\/v2\/pages"}],"about":[{"href":"https:\/\/policliniclloret.com\/ca\/wp-json\/wp\/v2\/types\/page"}],"author":[{"embeddable":true,"href":"https:\/\/policliniclloret.com\/ca\/wp-json\/wp\/v2\/users\/2"}],"replies":[{"embeddable":true,"href":"https:\/\/policliniclloret.com\/ca\/wp-json\/wp\/v2\/comments?post=1068"}],"version-history":[{"count":0,"href":"https:\/\/policliniclloret.com\/ca\/wp-json\/wp\/v2\/pages\/1068\/revisions"}],"wp:attachment":[{"href":"https:\/\/policliniclloret.com\/ca\/wp-json\/wp\/v2\/media?parent=1068"}],"curies":[{"name":"wp","href":"https:\/\/api.w.org\/{rel}","templated":true}]}}